{"id":393,"date":"2025-03-26T18:40:08","date_gmt":"2025-03-26T18:40:08","guid":{"rendered":"https:\/\/hailtech.ch\/?page_id=393"},"modified":"2025-03-26T18:43:21","modified_gmt":"2025-03-26T18:43:21","slug":"politique-de-confidentialite","status":"publish","type":"page","link":"https:\/\/hailtech.ch\/de\/politique-de-confidentialite\/","title":{"rendered":"Politique de confidentialit\u00e9"},"content":{"rendered":"<div data-elementor-type=\"wp-page\" data-elementor-id=\"393\" class=\"elementor elementor-393\" data-elementor-post-type=\"page\">\n\t\t\t\t<div class=\"elementor-element elementor-element-e1a807a e-flex e-con-boxed e-con e-parent\" data-id=\"e1a807a\" data-element_type=\"container\" data-settings=\"{&quot;ekit_has_onepagescroll_dot&quot;:&quot;yes&quot;}\">\n\t\t\t\t\t<div class=\"e-con-inner\">\n\t\t\t\t<div class=\"elementor-element elementor-element-bcf803f elementor-widget elementor-widget-heading\" data-id=\"bcf803f\" data-element_type=\"widget\" data-settings=\"{&quot;ekit_we_effect_on&quot;:&quot;none&quot;}\" data-widget_type=\"heading.default\">\n\t\t\t\t<div class=\"elementor-widget-container\">\n\t\t\t\t\t<h2 class=\"elementor-heading-title elementor-size-default\">Politique de confidentialit\u00e9<\/h2>\t\t\t\t<\/div>\n\t\t\t\t<\/div>\n\t\t\t\t<div class=\"elementor-element elementor-element-94229f4 elementor-widget elementor-widget-text-editor\" data-id=\"94229f4\" data-element_type=\"widget\" data-settings=\"{&quot;ekit_we_effect_on&quot;:&quot;none&quot;}\" data-widget_type=\"text-editor.default\">\n\t\t\t\t<div class=\"elementor-widget-container\">\n\t\t\t\t\t\t\t\t\t<p class=\"font_8 wixui-rich-text__text\"><span class=\"wixui-rich-text__text\">Cette politique de confidentialit\u00e9 de Hailtech d\u00e9crit comment nous collectons et utilisons vos informations. Le but de cette politique de confidentialit\u00e9 est de vous fournir une explication claire de la fa\u00e7on dont vos informations personnelles sont collect\u00e9es et utilis\u00e9es, de m\u00eame qu\u2019une explication de vos droits.<\/span><\/p><p class=\"font_8 wixui-rich-text__text\"><span class=\"wixui-rich-text__text\">Lisez cette politique et veillez \u00e0 comprendre nos pratiques relatives \u00e0 vos informations personnelles. Si vous avez des questions ou des pr\u00e9occupations relatives \u00e0 cette politique, contactez nous \u00e0 hailtech.ch@gmail.com.<\/span><\/p><p class=\"font_8 wixui-rich-text__text\"><span class=\"wixui-rich-text__text\">\u200b<\/span><\/p><p class=\"font_8 wixui-rich-text__text\"><span class=\"wixui-rich-text__text\">Lorsque vous envoyez un message via le formulaire de contact, nous collectons les informations personnelles que vous nous communiquez, telles que votre pr\u00e9nom, votre nom, votre adresse, votre adresse e-mail et votre num\u00e9ro de t\u00e9l\u00e9phone. Vos informations personnelles seront utilis\u00e9es UNIQUEMENT pour les raisons sp\u00e9cifiques indiqu\u00e9es ci-dessous.<\/span><\/p><p class=\"font_8 wixui-rich-text__text\"><span class=\"wixui-rich-text__text\">\u200b<\/span><\/p><p class=\"font_8 wixui-rich-text__text\"><span class=\"wixui-rich-text__text\">\u2013 Pour \u00eatre en mesure de vous contacter, de r\u00e9pondre \u00e0 vos questions ou de confirmer votre demande.<\/span><\/p><p class=\"font_8 wixui-rich-text__text\"><span class=\"wixui-rich-text__text\">\u2013 Pour se conformer aux lois et aux r\u00e9glementations applicables<\/span><\/p><p class=\"font_8 wixui-rich-text__text\"><span class=\"wixui-rich-text__text\">\u200b<\/span><\/p><p class=\"font_8 wixui-rich-text__text\"><span class=\"wixui-rich-text__text\">Le site Hailtech est h\u00e9berg\u00e9 sur les plateformes Infomaniak.<\/span><\/p><p class=\"font_8 wixui-rich-text__text\">\u00a0<\/p><p class=\"font_8 wixui-rich-text__text\"><span class=\"wixui-rich-text__text\">Vos donn\u00e9es peuvent \u00eatre stock\u00e9es via le stockage\u00a0 Infomaniak, les bases de donn\u00e9es et les applications g\u00e9n\u00e9rales d\u2019Infomaniak.<\/span><\/p><p class=\"font_8 wixui-rich-text__text\"><span class=\"wixui-rich-text__text\">\u200b<\/span><\/p><p class=\"font_8 wixui-rich-text__text\"><span class=\"wixui-rich-text__text\">Le site web Hailtech utilise des cookies afin de fournir les services et fonctionnalit\u00e9s propos\u00e9s sur le site et de vous offrir une bonne exp\u00e9rience durant votre navigation. Les cookies permettent \u00e9galement de surveiller et analyser le fonctionnement ainsi que l\u2019efficacit\u00e9 du site et s\u2019assurer qu\u2019il soit s\u00e9curis\u00e9 et s\u00fbr \u00e0 utiliser.<\/span><\/p><p class=\"font_8 wixui-rich-text__text\"><span class=\"wixui-rich-text__text\">\u200b<\/span><\/p><p class=\"font_8 wixui-rich-text__text\"><span class=\"wixui-rich-text__text\">Hailtech est seul \u00e0 traiter vos donn\u00e9es et nous garantissons qu\u2019en aucun cas ces donn\u00e9es seront transmises \u00e0 des personnes tiers sans votre consentement pr\u00e9alable.<\/span><\/p><p class=\"font_8 wixui-rich-text__text\"><span class=\"wixui-rich-text__text\">Si vous ne souhaitez plus que vos donn\u00e9es soient utilis\u00e9es, veuillez nous contacter en envoyant un e-mail \u00e0 hailtech.ch@gmail.com<\/span><\/p><p class=\"font_8 wixui-rich-text__text\"><span class=\"wixui-rich-text__text\">\u200b<\/span><\/p><p class=\"font_8 wixui-rich-text__text\"><span class=\"wixui-rich-text__text\">Hailtech se r\u00e9serve le droit de modifier cette politique de confidentialit\u00e9 \u00e0 tout moment. Les changements et les clarifications entreront en vigueur imm\u00e9diatement apr\u00e8s leur publication sur le site internet.<\/span><\/p><p class=\"font_8 wixui-rich-text__text\"><span class=\"wixui-rich-text__text\">\u200b<\/span><\/p><p class=\"font_8 wixui-rich-text__text\"><span class=\"wixui-rich-text__text\">Si vous souhaitez corriger, modifier ou supprimer des informations personnelles, vous \u00eates invit\u00e9 \u00e0 nous contacter via ce mail: hailtech.ch@gmail.com.<\/span><\/p>\t\t\t\t\t\t\t\t<\/div>\n\t\t\t\t<\/div>\n\t\t\t\t\t<\/div>\n\t\t\t\t<\/div>\n\t\t\t\t<\/div>","protected":false},"excerpt":{"rendered":"<p>Politique de confidentialit\u00e9 Cette politique de confidentialit\u00e9 de Hailtech d\u00e9crit comment nous collectons et utilisons vos informations. Le but de cette politique de confidentialit\u00e9 est de vous fournir une explication claire de la fa\u00e7on dont vos informations personnelles sont collect\u00e9es et utilis\u00e9es, de m\u00eame qu\u2019une explication de vos droits. Lisez cette politique et veillez \u00e0 [&hellip;]<\/p>","protected":false},"author":1,"featured_media":0,"parent":0,"menu_order":0,"comment_status":"closed","ping_status":"closed","template":"elementor_header_footer","meta":{"footnotes":""},"class_list":["post-393","page","type-page","status-publish","hentry"],"yoast_head":"<!-- This site is optimized with the Yoast SEO plugin v24.8 - https:\/\/yoast.com\/wordpress\/plugins\/seo\/ -->\n<title>Contactez Hailtech | D\u00e9bosselage sans peinture<\/title>\n<meta name=\"description\" content=\"Besoin d\u2019un devis ou d\u2019une intervention rapide ? Contactez Hailtech \u00e0 Sion, sp\u00e9cialiste du d\u00e9bosselage sans peinture pour professionnels.\" \/>\n<meta name=\"robots\" content=\"index, follow, max-snippet:-1, max-image-preview:large, max-video-preview:-1\" \/>\n<link rel=\"canonical\" href=\"https:\/\/hailtech.ch\/de\/politique-de-confidentialite\/\" \/>\n<meta property=\"og:locale\" content=\"de_DE\" \/>\n<meta property=\"og:type\" content=\"article\" \/>\n<meta property=\"og:title\" content=\"Contactez Hailtech | D\u00e9bosselage sans peinture\" \/>\n<meta property=\"og:description\" content=\"Besoin d\u2019un devis ou d\u2019une intervention rapide ? Contactez Hailtech \u00e0 Sion, sp\u00e9cialiste du d\u00e9bosselage sans peinture pour professionnels.\" \/>\n<meta property=\"og:url\" content=\"https:\/\/hailtech.ch\/de\/politique-de-confidentialite\/\" \/>\n<meta property=\"og:site_name\" content=\"Hailtech\" \/>\n<meta property=\"article:modified_time\" content=\"2025-03-26T18:43:21+00:00\" \/>\n<meta name=\"twitter:card\" content=\"summary_large_image\" \/>\n<meta name=\"twitter:label1\" content=\"Gesch\u00e4tzte Lesezeit\" \/>\n\t<meta name=\"twitter:data1\" content=\"2\u00a0Minuten\" \/>\n<script type=\"application\/ld+json\" class=\"yoast-schema-graph\">{\"@context\":\"https:\/\/schema.org\",\"@graph\":[{\"@type\":\"WebPage\",\"@id\":\"https:\/\/hailtech.ch\/politique-de-confidentialite\/\",\"url\":\"https:\/\/hailtech.ch\/politique-de-confidentialite\/\",\"name\":\"Contactez Hailtech | D\u00e9bosselage sans peinture\",\"isPartOf\":{\"@id\":\"https:\/\/hailtech.ch\/#website\"},\"datePublished\":\"2025-03-26T18:40:08+00:00\",\"dateModified\":\"2025-03-26T18:43:21+00:00\",\"description\":\"Besoin d\u2019un devis ou d\u2019une intervention rapide ? Contactez Hailtech \u00e0 Sion, sp\u00e9cialiste du d\u00e9bosselage sans peinture pour professionnels.\",\"breadcrumb\":{\"@id\":\"https:\/\/hailtech.ch\/politique-de-confidentialite\/#breadcrumb\"},\"inLanguage\":\"de-CH\",\"potentialAction\":[{\"@type\":\"ReadAction\",\"target\":[\"https:\/\/hailtech.ch\/politique-de-confidentialite\/\"]}]},{\"@type\":\"BreadcrumbList\",\"@id\":\"https:\/\/hailtech.ch\/politique-de-confidentialite\/#breadcrumb\",\"itemListElement\":[{\"@type\":\"ListItem\",\"position\":1,\"name\":\"Accueil\",\"item\":\"https:\/\/hailtech.ch\/\"},{\"@type\":\"ListItem\",\"position\":2,\"name\":\"Politique de confidentialit\u00e9\"}]},{\"@type\":\"WebSite\",\"@id\":\"https:\/\/hailtech.ch\/#website\",\"url\":\"https:\/\/hailtech.ch\/\",\"name\":\"Hailtech\",\"description\":\"Expert du d\u00e9bosselage sans peinture\",\"publisher\":{\"@id\":\"https:\/\/hailtech.ch\/#organization\"},\"potentialAction\":[{\"@type\":\"SearchAction\",\"target\":{\"@type\":\"EntryPoint\",\"urlTemplate\":\"https:\/\/hailtech.ch\/?s={search_term_string}\"},\"query-input\":{\"@type\":\"PropertyValueSpecification\",\"valueRequired\":true,\"valueName\":\"search_term_string\"}}],\"inLanguage\":\"de-CH\"},{\"@type\":\"Organization\",\"@id\":\"https:\/\/hailtech.ch\/#organization\",\"name\":\"Hailtech\",\"url\":\"https:\/\/hailtech.ch\/\",\"logo\":{\"@type\":\"ImageObject\",\"inLanguage\":\"de-CH\",\"@id\":\"https:\/\/hailtech.ch\/#\/schema\/logo\/image\/\",\"url\":\"https:\/\/hailtech.ch\/wp-content\/uploads\/2025\/01\/hailtech-logo.png\",\"contentUrl\":\"https:\/\/hailtech.ch\/wp-content\/uploads\/2025\/01\/hailtech-logo.png\",\"width\":2466,\"height\":427,\"caption\":\"Hailtech\"},\"image\":{\"@id\":\"https:\/\/hailtech.ch\/#\/schema\/logo\/image\/\"}}]}<\/script>\n<!-- \/ Yoast SEO plugin. -->","yoast_head_json":{"title":"Contactez Hailtech | D\u00e9bosselage sans peinture","description":"Besoin d\u2019un devis ou d\u2019une intervention rapide ? Contactez Hailtech \u00e0 Sion, sp\u00e9cialiste du d\u00e9bosselage sans peinture pour professionnels.","robots":{"index":"index","follow":"follow","max-snippet":"max-snippet:-1","max-image-preview":"max-image-preview:large","max-video-preview":"max-video-preview:-1"},"canonical":"https:\/\/hailtech.ch\/de\/politique-de-confidentialite\/","og_locale":"de_DE","og_type":"article","og_title":"Contactez Hailtech | D\u00e9bosselage sans peinture","og_description":"Besoin d\u2019un devis ou d\u2019une intervention rapide ? Contactez Hailtech \u00e0 Sion, sp\u00e9cialiste du d\u00e9bosselage sans peinture pour professionnels.","og_url":"https:\/\/hailtech.ch\/de\/politique-de-confidentialite\/","og_site_name":"Hailtech","article_modified_time":"2025-03-26T18:43:21+00:00","twitter_card":"summary_large_image","twitter_misc":{"Gesch\u00e4tzte Lesezeit":"2\u00a0Minuten"},"schema":{"@context":"https:\/\/schema.org","@graph":[{"@type":"WebPage","@id":"https:\/\/hailtech.ch\/politique-de-confidentialite\/","url":"https:\/\/hailtech.ch\/politique-de-confidentialite\/","name":"Contactez Hailtech | D\u00e9bosselage sans peinture","isPartOf":{"@id":"https:\/\/hailtech.ch\/#website"},"datePublished":"2025-03-26T18:40:08+00:00","dateModified":"2025-03-26T18:43:21+00:00","description":"Besoin d\u2019un devis ou d\u2019une intervention rapide ? Contactez Hailtech \u00e0 Sion, sp\u00e9cialiste du d\u00e9bosselage sans peinture pour professionnels.","breadcrumb":{"@id":"https:\/\/hailtech.ch\/politique-de-confidentialite\/#breadcrumb"},"inLanguage":"de-CH","potentialAction":[{"@type":"ReadAction","target":["https:\/\/hailtech.ch\/politique-de-confidentialite\/"]}]},{"@type":"BreadcrumbList","@id":"https:\/\/hailtech.ch\/politique-de-confidentialite\/#breadcrumb","itemListElement":[{"@type":"ListItem","position":1,"name":"Accueil","item":"https:\/\/hailtech.ch\/"},{"@type":"ListItem","position":2,"name":"Politique de confidentialit\u00e9"}]},{"@type":"WebSite","@id":"https:\/\/hailtech.ch\/#website","url":"https:\/\/hailtech.ch\/","name":"Hailtech","description":"Expert du d\u00e9bosselage sans peinture","publisher":{"@id":"https:\/\/hailtech.ch\/#organization"},"potentialAction":[{"@type":"SearchAction","target":{"@type":"EntryPoint","urlTemplate":"https:\/\/hailtech.ch\/?s={search_term_string}"},"query-input":{"@type":"PropertyValueSpecification","valueRequired":true,"valueName":"search_term_string"}}],"inLanguage":"de-CH"},{"@type":"Organization","@id":"https:\/\/hailtech.ch\/#organization","name":"Hailtech","url":"https:\/\/hailtech.ch\/","logo":{"@type":"ImageObject","inLanguage":"de-CH","@id":"https:\/\/hailtech.ch\/#\/schema\/logo\/image\/","url":"https:\/\/hailtech.ch\/wp-content\/uploads\/2025\/01\/hailtech-logo.png","contentUrl":"https:\/\/hailtech.ch\/wp-content\/uploads\/2025\/01\/hailtech-logo.png","width":2466,"height":427,"caption":"Hailtech"},"image":{"@id":"https:\/\/hailtech.ch\/#\/schema\/logo\/image\/"}}]}},"_links":{"self":[{"href":"https:\/\/hailtech.ch\/de\/wp-json\/wp\/v2\/pages\/393","targetHints":{"allow":["GET"]}}],"collection":[{"href":"https:\/\/hailtech.ch\/de\/wp-json\/wp\/v2\/pages"}],"about":[{"href":"https:\/\/hailtech.ch\/de\/wp-json\/wp\/v2\/types\/page"}],"author":[{"embeddable":true,"href":"https:\/\/hailtech.ch\/de\/wp-json\/wp\/v2\/users\/1"}],"replies":[{"embeddable":true,"href":"https:\/\/hailtech.ch\/de\/wp-json\/wp\/v2\/comments?post=393"}],"version-history":[{"count":7,"href":"https:\/\/hailtech.ch\/de\/wp-json\/wp\/v2\/pages\/393\/revisions"}],"predecessor-version":[{"id":400,"href":"https:\/\/hailtech.ch\/de\/wp-json\/wp\/v2\/pages\/393\/revisions\/400"}],"wp:attachment":[{"href":"https:\/\/hailtech.ch\/de\/wp-json\/wp\/v2\/media?parent=393"}],"curies":[{"name":"wp","href":"https:\/\/api.w.org\/{rel}","templated":true}]}}